




{"id":1087,"date":"2020-06-04T09:15:30","date_gmt":"2020-06-04T07:15:30","guid":{"rendered":"https:\/\/geo.compiegnois.fr\/portail\/?page_id=1087"},"modified":"2020-07-20T09:16:29","modified_gmt":"2020-07-20T07:16:29","slug":"assistance","status":"publish","type":"page","link":"https:\/\/geo.compiegnois.fr\/portail\/index.php\/assistance\/","title":{"rendered":"Assistance"},"content":{"rendered":"\n<div class=\"wp-block-columns is-layout-flex wp-container-core-columns-is-layout-9d6595d7 wp-block-columns-is-layout-flex\">\n<div class=\"wp-block-column is-layout-flow wp-block-column-is-layout-flow\"><div class=\"card_item target\" data-target-url=\"https:\/\/geo.compiegnois.fr\/portail\/index.php\/category\/faq\/\" data-open-target-type=\"\" data-thumb-url=\"\"><a href=\"https:\/\/geo.compiegnois.fr\/portail\/index.php\/category\/faq\/\" target=\"\" title=\"Foire aux questions\"><img decoding=\"async\" style=\"max-width:100%\" src=\"https:\/\/geo.compiegnois.fr\/portail\/wp-content\/uploads\/post-it-notes-1284667-scaled-e1584022019531.jpg\" alt=\"Foire aux questions\"><\/a><div class=\"item_text\"><h3><a href=\"https:\/\/geo.compiegnois.fr\/portail\/index.php\/category\/faq\/\" target=\"\" title=\"Foire aux questions\">Foire aux questions<\/a><\/h3><div>Consultez une s\u00e9lection de questions\/r\u00e9ponses qui nous sont fr\u00e9quemment pos\u00e9es.<\/p>\n<p><\/div><\/div><\/div>\n<\/div>\n\n\n\n<div class=\"wp-block-column is-layout-flow wp-block-column-is-layout-flow\"><div class=\"card_item target\" data-target-url=\"https:\/\/geo.compiegnois.fr\/portail\/index.php\/sad\" data-open-target-type=\"\" data-thumb-url=\"\"><a href=\"https:\/\/geo.compiegnois.fr\/portail\/index.php\/sad\" target=\"\" title=\"Support \u00e0 distance\"><img decoding=\"async\" style=\"max-width:100%\" src=\"https:\/\/geo.compiegnois.fr\/portail\/wp-content\/uploads\/laptop-820274.jpg\" alt=\"Support \u00e0 distance\"><\/a><div class=\"item_text\"><h3><a href=\"https:\/\/geo.compiegnois.fr\/portail\/index.php\/sad\" target=\"\" title=\"Support \u00e0 distance\">Support \u00e0 distance<\/a><\/h3><div>Vous souhaitez b\u00e9n\u00e9ficier d&rsquo;une prise en main \u00e0 distance, cliquez ici pour suivre la proc\u00e9dure.<\/p>\n<p><\/div><\/div><\/div>\n<\/div>\n\n\n\n<div class=\"wp-block-column is-layout-flow wp-block-column-is-layout-flow\"><div class=\"card_item target\" data-target-url=\"https:\/\/geo.compiegnois.fr\/portail\/index.php\/category\/tuto\/\" data-open-target-type=\"\" data-thumb-url=\"\"><a href=\"https:\/\/geo.compiegnois.fr\/portail\/index.php\/category\/tuto\/\" target=\"\" title=\"Tutoriels\"><img decoding=\"async\" style=\"max-width:100%\" src=\"https:\/\/geo.compiegnois.fr\/portail\/wp-content\/uploads\/turn-on.jpg\" alt=\"Tutoriels\"><\/a><div class=\"item_text\"><h3><a href=\"https:\/\/geo.compiegnois.fr\/portail\/index.php\/category\/tuto\/\" target=\"\" title=\"Tutoriels\">Tutoriels<\/a><\/h3><div>Retrouvez ici l&rsquo;ensemble des fiches d&rsquo;aides g\u00e9n\u00e9riques et sp\u00e9cifiques aux applications m\u00e9tiers.<\/p>\n<p><\/div><\/div><\/div>\n<\/div>\n<\/div>\n\n\n\n<p>Si vous ne trouvez pas la r\u00e9ponse \u00e0 votre question, utilisez le <a href=\"https:\/\/geo.compiegnois.fr\/portail\/index.php\/nous-contacter\/\" target=\"_blank\" rel=\"noopener noreferrer\"><strong>formulaire de contact<\/strong><\/a>. <\/p>\n","protected":false},"excerpt":{"rendered":"<p>Si vous ne trouvez pas la r\u00e9ponse \u00e0 votre question, utilisez le formulaire de contact.<\/p>\n","protected":false},"author":3,"featured_media":0,"parent":0,"menu_order":0,"comment_status":"closed","ping_status":"closed","template":"","meta":{"footnotes":""},"class_list":["post-1087","page","type-page","status-publish","hentry"],"_links":{"self":[{"href":"https:\/\/geo.compiegnois.fr\/portail\/index.php\/wp-json\/wp\/v2\/pages\/1087","targetHints":{"allow":["GET"]}}],"collection":[{"href":"https:\/\/geo.compiegnois.fr\/portail\/index.php\/wp-json\/wp\/v2\/pages"}],"about":[{"href":"https:\/\/geo.compiegnois.fr\/portail\/index.php\/wp-json\/wp\/v2\/types\/page"}],"author":[{"embeddable":true,"href":"https:\/\/geo.compiegnois.fr\/portail\/index.php\/wp-json\/wp\/v2\/users\/3"}],"replies":[{"embeddable":true,"href":"https:\/\/geo.compiegnois.fr\/portail\/index.php\/wp-json\/wp\/v2\/comments?post=1087"}],"version-history":[{"count":0,"href":"https:\/\/geo.compiegnois.fr\/portail\/index.php\/wp-json\/wp\/v2\/pages\/1087\/revisions"}],"wp:attachment":[{"href":"https:\/\/geo.compiegnois.fr\/portail\/index.php\/wp-json\/wp\/v2\/media?parent=1087"}],"curies":[{"name":"wp","href":"https:\/\/api.w.org\/{rel}","templated":true}]}}