




{"id":259,"date":"2020-03-05T14:21:08","date_gmt":"2020-03-05T13:21:08","guid":{"rendered":"https:\/\/geo.compiegnois.fr\/portail\/?page_id=259"},"modified":"2025-03-25T10:48:03","modified_gmt":"2025-03-25T09:48:03","slug":"geoservices","status":"publish","type":"page","link":"https:\/\/geo.compiegnois.fr\/portail\/index.php\/geoservices\/","title":{"rendered":"Services"},"content":{"rendered":"\n<div class=\"wp-block-columns is-layout-flex wp-container-core-columns-is-layout-9d6595d7 wp-block-columns-is-layout-flex\">\n<div class=\"wp-block-column is-layout-flow wp-block-column-is-layout-flow\"><div class=\"card_item target\" data-target-url=\"https:\/\/geo.compiegnois.fr\/portail\/index.php\/carte\" data-open-target-type=\"\" data-thumb-url=\"\"><a href=\"https:\/\/geo.compiegnois.fr\/portail\/index.php\/carte\" target=\"\" title=\"Ma carte\"><img decoding=\"async\" style=\"max-width:100%\" src=\"https:\/\/geo.compiegnois.fr\/portail\/wp-content\/uploads\/folding-map-360382-scaled.jpg\" alt=\"Ma carte\"><\/a><div class=\"item_text\"><h3><a href=\"https:\/\/geo.compiegnois.fr\/portail\/index.php\/carte\" target=\"\" title=\"Ma carte\">Ma carte<\/a><\/h3><div>Concevoir sa cartographie en ligne<\/p>\n<ul>\n<li>afficher des donn\u00e9es<\/li>\n<li>faire des mesures (longueur, surface)<\/li>\n<li>annoter la carte (texte, dessin)<\/li>\n<li>imprimer son plan \u00e0 l\u2019\u00e9chelle<\/li>\n<\/ul>\n<p><\/div><\/div><\/div>\n<\/div>\n\n\n\n<div class=\"wp-block-column is-layout-flow wp-block-column-is-layout-flow\"><div class=\"card_item target\" data-target-url=\"https:\/\/geo.compiegnois.fr\/portail\/index.php\/catalogue-de-donnees\/\" data-open-target-type=\"\" data-thumb-url=\"\"><a href=\"https:\/\/geo.compiegnois.fr\/portail\/index.php\/catalogue-de-donnees\/\" target=\"\" title=\"Mes donn\u00e9es\"><img decoding=\"async\" style=\"max-width:100%\" src=\"https:\/\/geo.compiegnois.fr\/portail\/wp-content\/uploads\/read-3997597.jpg\" alt=\"Mes donn\u00e9es\"><\/a><div class=\"item_text\"><h3><a href=\"https:\/\/geo.compiegnois.fr\/portail\/index.php\/catalogue-de-donnees\/\" target=\"\" title=\"Mes donn\u00e9es\">Mes donn\u00e9es<\/a><\/h3><div><\/p>\n<p>Trouver des donn\u00e9es locales \u00ab\u00a0ouvertes\u00a0\u00bb<\/p>\n<ul>\n<li>chercher (th\u00e8me, mot cl\u00e9, localisation)<\/li>\n<li>connaitre (date, usages, g\u00e9n\u00e9alogie, emprise, producteur\u2026)<\/li>\n<li>t\u00e9l\u00e9charger (donn\u00e9es, plan)<\/li>\n<\/ul>\n<p><\/div><\/div><\/div>\n<\/div>\n\n\n\n<div class=\"wp-block-column is-layout-flow wp-block-column-is-layout-flow\"><div class=\"card_item target\" data-target-url=\"https:\/\/geo.compiegnois.fr\/portail\/index.php\/applications\" data-open-target-type=\"\" data-thumb-url=\"\"><a href=\"https:\/\/geo.compiegnois.fr\/portail\/index.php\/applications\" target=\"\" title=\"Mes applications\"><img decoding=\"async\" style=\"max-width:100%\" src=\"https:\/\/geo.compiegnois.fr\/portail\/wp-content\/uploads\/whatsapp-2105015.jpg\" alt=\"Mes applications\"><\/a><div class=\"item_text\"><h3><a href=\"https:\/\/geo.compiegnois.fr\/portail\/index.php\/applications\" target=\"\" title=\"Mes applications\">Mes applications<\/a><\/h3><div><\/p>\n<p>Utiliser un service num\u00e9rique pr\u00eat \u00e0 emploi<\/p>\n<ul>\n<li>g\u00e9rer son activit\u00e9 professionnelle (urbanisme, environnement, r\u00e9seaux\u2026)<\/li>\n<li>faciliter l\u2019acc\u00e8s \u00e0 l\u2019information publique (renseignements d\u2019urbanisme,  services publics)<\/li>\n<\/ul>\n<p><\/div><\/div><\/div>\n<\/div>\n<\/div>\n","protected":false},"excerpt":{"rendered":"","protected":false},"author":2,"featured_media":0,"parent":0,"menu_order":0,"comment_status":"closed","ping_status":"closed","template":"","meta":{"footnotes":""},"class_list":["post-259","page","type-page","status-publish","hentry"],"_links":{"self":[{"href":"https:\/\/geo.compiegnois.fr\/portail\/index.php\/wp-json\/wp\/v2\/pages\/259","targetHints":{"allow":["GET"]}}],"collection":[{"href":"https:\/\/geo.compiegnois.fr\/portail\/index.php\/wp-json\/wp\/v2\/pages"}],"about":[{"href":"https:\/\/geo.compiegnois.fr\/portail\/index.php\/wp-json\/wp\/v2\/types\/page"}],"author":[{"embeddable":true,"href":"https:\/\/geo.compiegnois.fr\/portail\/index.php\/wp-json\/wp\/v2\/users\/2"}],"replies":[{"embeddable":true,"href":"https:\/\/geo.compiegnois.fr\/portail\/index.php\/wp-json\/wp\/v2\/comments?post=259"}],"version-history":[{"count":1,"href":"https:\/\/geo.compiegnois.fr\/portail\/index.php\/wp-json\/wp\/v2\/pages\/259\/revisions"}],"predecessor-version":[{"id":7695,"href":"https:\/\/geo.compiegnois.fr\/portail\/index.php\/wp-json\/wp\/v2\/pages\/259\/revisions\/7695"}],"wp:attachment":[{"href":"https:\/\/geo.compiegnois.fr\/portail\/index.php\/wp-json\/wp\/v2\/media?parent=259"}],"curies":[{"name":"wp","href":"https:\/\/api.w.org\/{rel}","templated":true}]}}