




{"id":26,"date":"2017-10-23T15:35:18","date_gmt":"2017-10-23T13:35:18","guid":{"rendered":"\/portail\/?page_id=2"},"modified":"2025-03-25T10:48:55","modified_gmt":"2025-03-25T09:48:55","slug":"accueil-2","status":"publish","type":"page","link":"https:\/\/geo.compiegnois.fr\/portail\/","title":{"rendered":"Nos derni\u00e8res actus"},"content":{"rendered":"<div class=\"content_block content-invert\" style=\"background-color:;background-image:url();background-repeat:no-repeat;background-position:center;background-size:cover;color:#222222;\">\n<div class=\"wrap\">\n<h2 class=\"home_title\">Mes services<\/h2>\n<div class=\"d-flex flex-wrap justify-content-between gap-3\">\n<div class=\"home_card_item target\" data-target-url=\"https:\/\/geo.compiegnois.fr\/portail\/index.php\/geoservices\/carte\" data-open-target-type=\"\">\n<h3 class=\"home_card_title\"><a href=\"https:\/\/geo.compiegnois.fr\/portail\/index.php\/geoservices\/carte\" target=\"\">Ma carte<\/a><\/h3>\n<div class=\"home_card_desc\">\n<p>Concevoir sa cartographie en ligne<\/p>\n<ul>\n<li>afficher des donn\u00e9es<\/li>\n<li>faire des mesures (longueur, surface)<\/li>\n<li>annoter la carte (texte, dessin)<\/li>\n<li>imprimer son plan \u00e0 l&rsquo;\u00e9chelle<\/li>\n<\/ul>\n<\/div>\n<div class=\"home_card_foot icon i_screen\" style=\"background-color:#79C24D;\"><\/div>\n<\/div>\n<div class=\"home_card_item target\" data-target-url=\"https:\/\/geo.compiegnois.fr\/portail\/index.php\/catalogue-de-donnees\/\" data-open-target-type=\"\">\n<h3 class=\"home_card_title\"><a href=\"https:\/\/geo.compiegnois.fr\/portail\/index.php\/catalogue-de-donnees\/\" target=\"\">Mes donn\u00e9es<\/a><\/h3>\n<div class=\"home_card_desc\">\n<p>Trouver des donn\u00e9es locales \u00ab\u00a0ouvertes\u00a0\u00bb<\/p>\n<ul>\n<li>chercher (th\u00e8me, mot cl\u00e9, localisation)<\/li>\n<li>connaitre (date, usages, g\u00e9n\u00e9alogie, emprise, producteur&#8230;)<\/li>\n<li>t\u00e9l\u00e9charger (donn\u00e9es, plan)<\/li>\n<\/ul>\n<\/div>\n<div class=\"home_card_foot icon i_gallery\" style=\"background-color:#79C24D;\"><\/div>\n<\/div>\n<div class=\"home_card_item target\" data-target-url=\"https:\/\/geo.compiegnois.fr\/portail\/index.php\/applications\/\" data-open-target-type=\"\">\n<h3 class=\"home_card_title\"><a href=\"https:\/\/geo.compiegnois.fr\/portail\/index.php\/applications\/\" target=\"\">Mes applications<\/a><\/h3>\n<div class=\"home_card_desc\">\n<p>Utiliser un service num\u00e9rique pr\u00eat \u00e0 emploi<\/p>\n<ul>\n<li>g\u00e9rer son activit\u00e9 professionnelle (urbanisme, environnement, r\u00e9seaux&#8230;)<\/li>\n<li>faciliter l&rsquo;acc\u00e8s \u00e0 l&rsquo;information publique (renseignements d&rsquo;urbanisme, offre de service public)<\/li>\n<\/ul>\n<\/div>\n<div class=\"home_card_foot icon i_grid\" style=\"background-color:#79C24D;\"><\/div>\n<\/div>\n<\/div>\n<\/div>\n<\/div>\n","protected":false},"excerpt":{"rendered":"","protected":false},"author":1,"featured_media":0,"parent":0,"menu_order":0,"comment_status":"closed","ping_status":"open","template":"page-home.php","meta":{"footnotes":""},"class_list":["post-26","page","type-page","status-publish","hentry"],"_links":{"self":[{"href":"https:\/\/geo.compiegnois.fr\/portail\/index.php\/wp-json\/wp\/v2\/pages\/26","targetHints":{"allow":["GET"]}}],"collection":[{"href":"https:\/\/geo.compiegnois.fr\/portail\/index.php\/wp-json\/wp\/v2\/pages"}],"about":[{"href":"https:\/\/geo.compiegnois.fr\/portail\/index.php\/wp-json\/wp\/v2\/types\/page"}],"author":[{"embeddable":true,"href":"https:\/\/geo.compiegnois.fr\/portail\/index.php\/wp-json\/wp\/v2\/users\/1"}],"replies":[{"embeddable":true,"href":"https:\/\/geo.compiegnois.fr\/portail\/index.php\/wp-json\/wp\/v2\/comments?post=26"}],"version-history":[{"count":3,"href":"https:\/\/geo.compiegnois.fr\/portail\/index.php\/wp-json\/wp\/v2\/pages\/26\/revisions"}],"predecessor-version":[{"id":7699,"href":"https:\/\/geo.compiegnois.fr\/portail\/index.php\/wp-json\/wp\/v2\/pages\/26\/revisions\/7699"}],"wp:attachment":[{"href":"https:\/\/geo.compiegnois.fr\/portail\/index.php\/wp-json\/wp\/v2\/media?parent=26"}],"curies":[{"name":"wp","href":"https:\/\/api.w.org\/{rel}","templated":true}]}}