




{"id":31,"date":"2017-10-23T16:46:38","date_gmt":"2017-10-23T14:46:38","guid":{"rendered":"\/portail\/?page_id=18"},"modified":"2020-06-29T17:43:37","modified_gmt":"2020-06-29T15:43:37","slug":"mentions-legales","status":"publish","type":"page","link":"https:\/\/geo.compiegnois.fr\/portail\/index.php\/mentions-legales\/","title":{"rendered":"Mentions L\u00e9gales"},"content":{"rendered":"\n<h2 class=\"wp-block-heading\"><strong>\u00c9diteur <\/strong> <\/h2>\n\n\n\n<p class=\"has-normal-font-size\">Le site G\u00e9oCompi\u00e9gnois est \u00e9dit\u00e9 et g\u00e9r\u00e9 par :\n<\/p>\n\n\n\n<p class=\"has-normal-font-size\">Agglom\u00e9ration de la R\u00e9gion de Compi\u00e8gne et de la Basse Automne<br>Service Information G\u00e9ographique<br>Place de l\u2019H\u00f4tel de Ville \u2013 CS 10007 \u2013 60321 Compi\u00e8gne cedex<br>03 44 40 76 00<br>Web : <a rel=\"noreferrer noopener\" href=\"http:\/\/www.agglo-compiegne.fr\" target=\"_blank\">www.agglo-compiegne.fr<\/a>  <\/p>\n\n\n\n<h2 class=\"wp-block-heading\"><strong>R\u00e9alisation<\/strong>\n<\/h2>\n\n\n\n<p class=\"has-normal-font-size\">Le portail G\u00e9oCompi\u00e9gnois a \u00e9t\u00e9 r\u00e9alis\u00e9 par :\n<\/p>\n\n\n\n<p class=\"has-normal-font-size\">Soci\u00e9t\u00e9 Business Geografic<br>49 Avenue Albert Einstein \u2013 69100 Villeurbanne<br>T\u00e9l : 04 72 69 16 80<br>Web : <a href=\"http:\/\/www.business-geografic.com\/\" target=\"_blank\" rel=\"noreferrer noopener\">www.business-geografic.com<\/a> \n<\/p>\n\n\n\n<h2 class=\"wp-block-heading\"><strong>H\u00e9bergement<\/strong>\n<\/h2>\n\n\n\n<p class=\"has-normal-font-size\">Le site G\u00e9oCompi\u00e9gnois est h\u00e9berg\u00e9 par :\n<\/p>\n\n\n\n<p class=\"has-normal-font-size\">Agglom\u00e9ration de la R\u00e9gion de Compi\u00e8gne et de la Basse Automne <br>Direction des Syst\u00e8mes d\u2019Information<br>Place de l\u2019H\u00f4tel de Ville \u2013 CS 10007 \u2013 60321 Compi\u00e8gne cedex <br>03 44 40 76 00<br>Web : <a rel=\"noreferrer noopener\" href=\"http:\/\/www.agglo-compiegne.fr\" target=\"_blank\">www.agglo-compiegne.fr<\/a>  <\/p>\n\n\n\n<h2 class=\"wp-block-heading\"><strong>Contenu du site<\/strong>\n<\/h2>\n\n\n\n<h3 class=\"wp-block-heading\"><strong>Responsabilit\u00e9<\/strong>\n<\/h3>\n\n\n\n<p class=\"has-normal-font-size\">A travers la mise en \u0153uvre du portail G\u00e9oCompi\u00e9gnois, l\u2019Agglom\u00e9ration de la R\u00e9gion de Compi\u00e8gne vise \u00e0 assurer un acc\u00e8s facile \u00e0 des informations spatiales inter-op\u00e9rables et mutualisables, afin d\u2019appuyer les politiques locales et \u00e0 donner au public acc\u00e8s \u00e0 ces informations, conform\u00e9ment \u00e0 la  Directive europ\u00e9enne INSPIRE.<\/p>\n\n\n\n<p class=\"has-normal-font-size\">L\u2019Agglom\u00e9ration de la R\u00e9gion de Compi\u00e8gne ne saurait \u00eatre tenue pour responsable des erreurs mat\u00e9rielles qui se seraient gliss\u00e9es dans les documents pr\u00e9sents sur le site, malgr\u00e9 tout le soin apport\u00e9 \u00e0 leur publication.<\/p>\n\n\n\n<p class=\"has-normal-font-size\">Des liens hypertextes peuvent \u00eatre propos\u00e9s sur le site G\u00e9oCompi\u00e9gnois afin de faciliter l\u2019acc\u00e8s \u00e0 l\u2019information des utilisateurs vers d\u2019autres sites Internet, publics ou priv\u00e9s. L\u2019Agglom\u00e9ration de la R\u00e9gion de Compi\u00e8gne ne saurait non plus \u00eatre tenue pour responsable de  informations, propos et opinions \u00e9mises sur les sites vers lesquels elle pointe par des liens hypertextes et dont elle n\u2019a pas la ma\u00eetrise \u00e9ditoriale.<\/p>\n\n\n\n<p class=\"has-normal-font-size\">L\u2019Agglom\u00e9ration de la R\u00e9gion de Compi\u00e8gne ne peut pas plus \u00eatre tenue pour responsable de la transmission d\u00e9fectueuse des donn\u00e9es dues aux divers r\u00e9seaux de l\u2019Internet ou aux  incompatibilit\u00e9s dues au navigateur de l\u2019utilisateur. <\/p>\n\n\n\n<h3 class=\"wp-block-heading\"><strong>Donn\u00e9es personnelles<\/strong>\n<\/h3>\n\n\n\n<p class=\"has-normal-font-size\">Aucune information personnelle n\u2019est collect\u00e9e \u00e0 votre insu.<br>Aucune information personnelle n\u2019est c\u00e9d\u00e9e \u00e0 un tiers.<\/p>\n\n\n\n<p class=\"has-normal-font-size\">Les donn\u00e9es personnelles recueillies sur le site r\u00e9sultent de la  communication volontaire d\u2019informations via les formulaires pr\u00e9sents sur  ce site. Ces donn\u00e9es sont exclusivement collect\u00e9es pour un usage  interne au partenariat G\u00e9oCompi\u00e9gnois pour permettre son bon fonctionnement.<\/p>\n\n\n\n<p class=\"has-normal-font-size\">Conform\u00e9ment  \u00e0 la loi du 6 janvier 1978 relative \u00e0 l\u2019informatique, aux fichiers et  aux libert\u00e9s, vous disposez d\u2019un droit d\u2019acc\u00e8s, de modification, de  rectification et de suppression des donn\u00e9es vous concernant.<br>Pour l\u2019exercer, adressez-vous \u00e0 : <\/p>\n\n\n\n<p class=\"has-normal-font-size\">Agglom\u00e9ration de la R\u00e9gion de Compi\u00e8gne et de la Basse Automne<br>Place de l\u2019H\u00f4tel de Ville \u2013 CS 10007 \u2013 60321 Compi\u00e8gne cedex<br>03 44 40 76 00<br>Web : <a rel=\"noreferrer noopener\" href=\"http:\/\/www.agglo-compiegne.fr\" target=\"_blank\">www.agglo-compiegne.fr<\/a>  <\/p>\n\n\n\n<p class=\"has-normal-font-size\">Ou contactez-nous directement via le <a href=\"https:\/\/geo.compiegnois.fr\/portail\/index.php\/nous-contacter\">formulaire de contact<\/a><a href=\"http:\/\/www.geoguyane.fr\/\/accueil\/contacts\"> <\/a> du site G\u00e9oCompi\u00e8gnois.<\/p>\n\n\n\n<p class=\"has-normal-font-size\">Lorsque  des donn\u00e9es pr\u00e9sentes sur ce site ont un caract\u00e8re nominatif, les  utilisateurs doivent en faire un usage conforme aux r\u00e9glementations en  vigueur et aux recommandations de la Commission Nationale de  l\u2019Informatique et des Libert\u00e9s (CNIL).<\/p>\n\n\n\n<p class=\"has-normal-font-size\">Les informations utilis\u00e9es ne doivent l\u2019\u00eatre qu\u2019\u00e0 des fins personnelles,  associatives ou professionnelles ; toute diffusion ou utilisation \u00e0 des  fins commerciales ou publicitaires \u00e9tant exclues. <\/p>\n\n\n\n<h3 class=\"wp-block-heading\"><strong>Droits d\u2019auteur et de reproduction \u2013 propri\u00e9t\u00e9 intellectuelle<\/strong>\n<\/h3>\n\n\n\n<p class=\"has-normal-font-size\">Les utilisateurs des donn\u00e9es s\u2019engagent \u00e0 respecter les conditions  d\u2019utilisation des donn\u00e9es conform\u00e9ment aux modalit\u00e9s d\u00e9crites dans les  m\u00e9tadonn\u00e9es associ\u00e9es.<\/p>\n\n\n\n<p class=\"has-normal-font-size\">Toute exploitation cartographique et\/ou analytique sur quelque support que ce soit doit faire figurer les mentions l\u00e9gales sp\u00e9cifi\u00e9es dans les  m\u00e9tadonn\u00e9es, et la provenance de l\u2019information par ajout du lien  https:\/\/geo.compiegnois.fr.<\/p>\n\n\n\n<p class=\"has-normal-font-size\">Les  utilisateurs utilisent les donn\u00e9es sous leur propre responsabilit\u00e9 et  doivent s\u2019assurer qu\u2019elles sont en ad\u00e9quation avec les usages qu\u2019ils en font.<br>Les donn\u00e9es restent la propri\u00e9t\u00e9 de leur auteur.<br>Les utilisateurs ne peuvent en aucun cas alt\u00e9rer ou transformer les donn\u00e9es, m\u00e9tadonn\u00e9es et mentions de propri\u00e9t\u00e9 associ\u00e9es. <\/p>\n","protected":false},"excerpt":{"rendered":"<p>\u00c9diteur Le site G\u00e9oCompi\u00e9gnois est \u00e9dit\u00e9 et g\u00e9r\u00e9 par : Agglom\u00e9ration de la R\u00e9gion de Compi\u00e8gne et de la Basse AutomneService Information G\u00e9ographiquePlace de l\u2019H\u00f4tel de Ville \u2013 CS 10007&#8230;<\/p>\n","protected":false},"author":1,"featured_media":0,"parent":0,"menu_order":910,"comment_status":"closed","ping_status":"closed","template":"","meta":{"footnotes":""},"class_list":["post-31","page","type-page","status-publish","hentry"],"_links":{"self":[{"href":"https:\/\/geo.compiegnois.fr\/portail\/index.php\/wp-json\/wp\/v2\/pages\/31","targetHints":{"allow":["GET"]}}],"collection":[{"href":"https:\/\/geo.compiegnois.fr\/portail\/index.php\/wp-json\/wp\/v2\/pages"}],"about":[{"href":"https:\/\/geo.compiegnois.fr\/portail\/index.php\/wp-json\/wp\/v2\/types\/page"}],"author":[{"embeddable":true,"href":"https:\/\/geo.compiegnois.fr\/portail\/index.php\/wp-json\/wp\/v2\/users\/1"}],"replies":[{"embeddable":true,"href":"https:\/\/geo.compiegnois.fr\/portail\/index.php\/wp-json\/wp\/v2\/comments?post=31"}],"version-history":[{"count":0,"href":"https:\/\/geo.compiegnois.fr\/portail\/index.php\/wp-json\/wp\/v2\/pages\/31\/revisions"}],"wp:attachment":[{"href":"https:\/\/geo.compiegnois.fr\/portail\/index.php\/wp-json\/wp\/v2\/media?parent=31"}],"curies":[{"name":"wp","href":"https:\/\/api.w.org\/{rel}","templated":true}]}}