




{"id":791,"date":"2020-03-23T16:59:41","date_gmt":"2020-03-23T15:59:41","guid":{"rendered":"https:\/\/geo.compiegnois.fr\/portail\/?page_id=791"},"modified":"2020-07-17T16:04:12","modified_gmt":"2020-07-17T14:04:12","slug":"compte","status":"publish","type":"page","link":"https:\/\/geo.compiegnois.fr\/portail\/index.php\/compte\/","title":{"rendered":"Compte"},"content":{"rendered":"\n<p>Vous \u00eates un \u00e9lu, un agent ou un prestataire d\u2019une collectivit\u00e9 territoriale du compi\u00e9gnois et vous souhaitez b\u00e9n\u00e9ficier de services r\u00e9serv\u00e9s aux professionnels ? <\/p>\n\n\n\n<p>Dans le cadre du partenariat G\u00e9oCompi\u00e9gnois, ces services sont pris en charge par les intercommunalit\u00e9s adh\u00e9rentes.<\/p>\n\n\n\n<p>Faites-nous parvenir votre demande d\u2019inscription en pr\u00e9cisant les services auxquels vous souhaitez acc\u00e9der.<\/p>\n\n\n<div class=\"wpforms-container wpforms-container-full\" id=\"wpforms-790\"><form id=\"wpforms-form-790\" class=\"wpforms-validate wpforms-form\" data-formid=\"790\" method=\"post\" enctype=\"multipart\/form-data\" action=\"\/portail\/index.php\/wp-json\/wp\/v2\/pages\/791\" data-token=\"03623839a6e90d088a652fa447f43ce1\" data-token-time=\"1778069967\"><noscript class=\"wpforms-error-noscript\">Please enable JavaScript in your browser to complete this form.<\/noscript><div class=\"wpforms-field-container\"><div id=\"wpforms-790-field_1-container\" class=\"wpforms-field wpforms-field-name\" data-field-id=\"1\"><label class=\"wpforms-field-label\">Pr\u00e9nom \/ Nom <span class=\"wpforms-required-label\">*<\/span><\/label><div class=\"wpforms-field-row wpforms-field-medium\"><div class=\"wpforms-field-row-block wpforms-first wpforms-one-half\"><input type=\"text\" id=\"wpforms-790-field_1\" class=\"wpforms-field-name-first wpforms-field-required\" name=\"wpforms[fields][1][first]\" required><label for=\"wpforms-790-field_1\" class=\"wpforms-field-sublabel after\">First<\/label><\/div><div class=\"wpforms-field-row-block wpforms-one-half\"><input type=\"text\" id=\"wpforms-790-field_1-last\" class=\"wpforms-field-name-last wpforms-field-required\" name=\"wpforms[fields][1][last]\" required><label for=\"wpforms-790-field_1-last\" class=\"wpforms-field-sublabel after\">Last<\/label><\/div><\/div><\/div><div id=\"wpforms-790-field_9-container\" class=\"wpforms-field wpforms-field-email\" data-field-id=\"9\"><label class=\"wpforms-field-label\" for=\"wpforms-790-field_9\">Courriel <span class=\"wpforms-required-label\">*<\/span><\/label><input type=\"email\" id=\"wpforms-790-field_9\" class=\"wpforms-field-medium wpforms-field-required\" name=\"wpforms[fields][9]\" spellcheck=\"false\" required><\/div><div id=\"wpforms-790-field_11-container\" class=\"wpforms-field wpforms-field-text\" data-field-id=\"11\"><label class=\"wpforms-field-label\" for=\"wpforms-790-field_11\">T\u00e9l\u00e9phone<\/label><input type=\"text\" id=\"wpforms-790-field_11\" class=\"wpforms-field-medium\" name=\"wpforms[fields][11]\" ><\/div><div id=\"wpforms-790-field_4-container\" class=\"wpforms-field wpforms-field-select wpforms-field-select-style-classic\" data-field-id=\"4\"><label class=\"wpforms-field-label\" for=\"wpforms-790-field_4\">Organisme <span class=\"wpforms-required-label\">*<\/span><\/label><select id=\"wpforms-790-field_4\" class=\"wpforms-field-medium wpforms-field-required\" name=\"wpforms[fields][4]\" required=\"required\"><option value=\"Communaut\u00e9 d&#039;Agglom\u00e9ration de la R\u00e9gion de Compi\u00e8gne et de la Basse Automne\"  class=\"choice-9 depth-1\"  >Communaut\u00e9 d\u2019Agglom\u00e9ration de la R\u00e9gion de Compi\u00e8gne et de la Basse Automne<\/option><option value=\"Communaut\u00e9 de Communes de la Plaine d&#039;Estr\u00e9es\"  class=\"choice-10 depth-1\"  >Communaut\u00e9 de Communes de la Plaine d\u2019Estr\u00e9es<\/option><option value=\"Communaut\u00e9 de Communes des Lisi\u00e8res de l&#039;Oise\"  class=\"choice-11 depth-1\"  >Communaut\u00e9 de Communes des Lisi\u00e8res de l\u2019Oise<\/option><option value=\"Communaut\u00e9 de Communes des Deux Vall\u00e9es\"  class=\"choice-71 depth-1\"  >Communaut\u00e9 de Communes des Deux Vall\u00e9es<\/option><option value=\"Commune d&#039;Armancourt\"  class=\"choice-75 depth-1\"  >Commune d\u2019Armancourt<\/option><option value=\"Commune d&#039;Arsy\"  class=\"choice-76 depth-1\"  >Commune d\u2019Arsy<\/option><option value=\"Commune d&#039;Attichy\"  class=\"choice-77 depth-1\"  >Commune d\u2019Attichy<\/option><option value=\"Commune d&#039;Autr\u00eaches\"  class=\"choice-78 depth-1\"  >Commune d\u2019Autr\u00eaches<\/option><option value=\"Commune d&#039;Avrigny\"  class=\"choice-79 depth-1\"  >Commune d\u2019Avrigny<\/option><option value=\"Commune de Bailleul-le-Soc\"  class=\"choice-80 depth-1\"  >Commune de Bailleul-le-Soc<\/option><option value=\"Commune de Bailly\"  class=\"choice-81 depth-1\"  >Commune de Bailly<\/option><option value=\"Commune de Berneuil-sur-Aisne\"  class=\"choice-82 depth-1\"  >Commune de Berneuil-sur-Aisne<\/option><option value=\"Commune de B\u00e9thisy-Saint-Martin\"  class=\"choice-83 depth-1\"  >Commune de B\u00e9thisy-Saint-Martin<\/option><option value=\"Commune de B\u00e9thisy-Saint-Pierre\"  class=\"choice-84 depth-1\"  >Commune de B\u00e9thisy-Saint-Pierre<\/option><option value=\"Commune de Bienville\"  class=\"choice-85 depth-1\"  >Commune de Bienville<\/option><option value=\"Commune de Bitry\"  class=\"choice-86 depth-1\"  >Commune de Bitry<\/option><option value=\"Commune de Blincourt\"  class=\"choice-87 depth-1\"  >Commune de Blincourt<\/option><option value=\"Commune de Cambronne-l\u00e8s-Rib\u00e9court\"  class=\"choice-88 depth-1\"  >Commune de Cambronne-l\u00e8s-Rib\u00e9court<\/option><option value=\"Commune de Canly\"  class=\"choice-89 depth-1\"  >Commune de Canly<\/option><option value=\"Commune de Chelles\"  class=\"choice-90 depth-1\"  >Commune de Chelles<\/option><option value=\"Commune de Chevincourt\"  class=\"choice-91 depth-1\"  >Commune de Chevincourt<\/option><option value=\"Commune de Chevri\u00e8res\"  class=\"choice-92 depth-1\"  >Commune de Chevri\u00e8res<\/option><option value=\"Commune de Chiry-Ourscamp\"  class=\"choice-93 depth-1\"  >Commune de Chiry-Ourscamp<\/option><option value=\"Commune de Choisy-au-Bac\"  class=\"choice-94 depth-1\"  >Commune de Choisy-au-Bac<\/option><option value=\"Commune de Choisy-la-Victoire\"  class=\"choice-95 depth-1\"  >Commune de Choisy-la-Victoire<\/option><option value=\"Commune de Clairoix\"  class=\"choice-96 depth-1\"  >Commune de Clairoix<\/option><option value=\"Commune de Compi\u00e8gne\"  class=\"choice-97 depth-1\"  >Commune de Compi\u00e8gne<\/option><option value=\"Commune de Couloisy\"  class=\"choice-98 depth-1\"  >Commune de Couloisy<\/option><option value=\"Commune de Courtieux\"  class=\"choice-99 depth-1\"  >Commune de Courtieux<\/option><option value=\"Commune de Croutoy\"  class=\"choice-100 depth-1\"  >Commune de Croutoy<\/option><option value=\"Commune de Cuise-la-Motte\"  class=\"choice-101 depth-1\"  >Commune de Cuise-la-Motte<\/option><option value=\"Commune d&#039;\u00c9pineuse\"  class=\"choice-102 depth-1\"  >Commune d\u2019\u00c9pineuse<\/option><option value=\"Commune d&#039;Estr\u00e9es-Saint-Denis\"  class=\"choice-103 depth-1\"  >Commune d\u2019Estr\u00e9es-Saint-Denis<\/option><option value=\"Commune de Le Fayel\"  class=\"choice-104 depth-1\"  >Commune de Le Fayel<\/option><option value=\"Commune de Franci\u00e8res\"  class=\"choice-105 depth-1\"  >Commune de Franci\u00e8res<\/option><option value=\"Commune de Grandfresnoy\"  class=\"choice-106 depth-1\"  >Commune de Grandfresnoy<\/option><option value=\"Commune de Hautefontaine\"  class=\"choice-107 depth-1\"  >Commune de Hautefontaine<\/option><option value=\"Commune de H\u00e9m\u00e9villers\"  class=\"choice-108 depth-1\"  >Commune de H\u00e9m\u00e9villers<\/option><option value=\"Commune de Houdancourt\"  class=\"choice-109 depth-1\"  >Commune de Houdancourt<\/option><option value=\"Commune de Janville\"  class=\"choice-110 depth-1\"  >Commune de Janville<\/option><option value=\"Commune de Jaulzy\"  class=\"choice-111 depth-1\"  >Commune de Jaulzy<\/option><option value=\"Commune de Jaux\"  class=\"choice-112 depth-1\"  >Commune de Jaux<\/option><option value=\"Commune de Jonqui\u00e8res\"  class=\"choice-113 depth-1\"  >Commune de Jonqui\u00e8res<\/option><option value=\"Commune de Lachelle\"  class=\"choice-114 depth-1\"  >Commune de Lachelle<\/option><option value=\"Commune de Lacroix-Saint-Ouen\"  class=\"choice-115 depth-1\"  >Commune de Lacroix-Saint-Ouen<\/option><option value=\"Commune de Longueil-Annel\"  class=\"choice-116 depth-1\"  >Commune de Longueil-Annel<\/option><option value=\"Commune de Longueil-Sainte-Marie\"  class=\"choice-117 depth-1\"  >Commune de Longueil-Sainte-Marie<\/option><option value=\"Commune de Machemont\"  class=\"choice-118 depth-1\"  >Commune de Machemont<\/option><option value=\"Commune de Marest-sur-Matz\"  class=\"choice-119 depth-1\"  >Commune de Marest-sur-Matz<\/option><option value=\"Commune de Margny-l\u00e8s-Compi\u00e8gne\"  class=\"choice-120 depth-1\"  >Commune de Margny-l\u00e8s-Compi\u00e8gne<\/option><option value=\"Commune de M\u00e9licocq\"  class=\"choice-121 depth-1\"  >Commune de M\u00e9licocq<\/option><option value=\"Commune de Le Meux\"  class=\"choice-122 depth-1\"  >Commune de Le Meux<\/option><option value=\"Commune de Montmacq\"  class=\"choice-123 depth-1\"  >Commune de Montmacq<\/option><option value=\"Commune de Montmartin\"  class=\"choice-124 depth-1\"  >Commune de Montmartin<\/option><option value=\"Commune de Moulin-sous-Touvent\"  class=\"choice-125 depth-1\"  >Commune de Moulin-sous-Touvent<\/option><option value=\"Commune de Moyvillers\"  class=\"choice-126 depth-1\"  >Commune de Moyvillers<\/option><option value=\"Commune de Nampcel\"  class=\"choice-127 depth-1\"  >Commune de Nampcel<\/option><option value=\"Commune de N\u00e9ry\"  class=\"choice-128 depth-1\"  >Commune de N\u00e9ry<\/option><option value=\"Commune de Pierrefonds\"  class=\"choice-129 depth-1\"  >Commune de Pierrefonds<\/option><option value=\"Commune de Pimprez\"  class=\"choice-130 depth-1\"  >Commune de Pimprez<\/option><option value=\"Commune de Le Plessis-Brion\"  class=\"choice-131 depth-1\"  >Commune de Le Plessis-Brion<\/option><option value=\"Commune de Remy\"  class=\"choice-132 depth-1\"  >Commune de Remy<\/option><option value=\"Commune de Rethondes\"  class=\"choice-133 depth-1\"  >Commune de Rethondes<\/option><option value=\"Commune de Rib\u00e9court-Dreslincourt\"  class=\"choice-134 depth-1\"  >Commune de Rib\u00e9court-Dreslincourt<\/option><option value=\"Commune de Rivecourt\"  class=\"choice-135 depth-1\"  >Commune de Rivecourt<\/option><option value=\"Commune de Saint-Cr\u00e9pin-aux-Bois\"  class=\"choice-136 depth-1\"  >Commune de Saint-Cr\u00e9pin-aux-Bois<\/option><option value=\"Commune de Saint-\u00c9tienne-Roilaye\"  class=\"choice-137 depth-1\"  >Commune de Saint-\u00c9tienne-Roilaye<\/option><option value=\"Commune de Saintines\"  class=\"choice-138 depth-1\"  >Commune de Saintines<\/option><option value=\"Commune de Saint-Jean-aux-Bois\"  class=\"choice-139 depth-1\"  >Commune de Saint-Jean-aux-Bois<\/option><option value=\"Commune de Saint-L\u00e9ger-aux-Bois\"  class=\"choice-140 depth-1\"  >Commune de Saint-L\u00e9ger-aux-Bois<\/option><option value=\"Commune de Saint-Pierre-l\u00e8s-Bitry\"  class=\"choice-141 depth-1\"  >Commune de Saint-Pierre-l\u00e8s-Bitry<\/option><option value=\"Commune de Saint-Sauveur\"  class=\"choice-142 depth-1\"  >Commune de Saint-Sauveur<\/option><option value=\"Commune de Saint-Vaast-de-Longmont\"  class=\"choice-143 depth-1\"  >Commune de Saint-Vaast-de-Longmont<\/option><option value=\"Commune de Thourotte\"  class=\"choice-144 depth-1\"  >Commune de Thourotte<\/option><option value=\"Commune de Tracy-le-Mont\"  class=\"choice-145 depth-1\"  >Commune de Tracy-le-Mont<\/option><option value=\"Commune de Tracy-le-Val\"  class=\"choice-146 depth-1\"  >Commune de Tracy-le-Val<\/option><option value=\"Commune de Trosly-Breuil\"  class=\"choice-147 depth-1\"  >Commune de Trosly-Breuil<\/option><option value=\"Commune de Vand\u00e9licourt\"  class=\"choice-148 depth-1\"  >Commune de Vand\u00e9licourt<\/option><option value=\"Commune de Venette\"  class=\"choice-149 depth-1\"  >Commune de Venette<\/option><option value=\"Commune de Verberie\"  class=\"choice-150 depth-1\"  >Commune de Verberie<\/option><option value=\"Commune de Vieux-Moulin\"  class=\"choice-151 depth-1\"  >Commune de Vieux-Moulin<\/option><option value=\"Autre\"  class=\"choice-152 depth-1\"  >Autre<\/option><\/select><\/div><div id=\"wpforms-790-field_13-container\" class=\"wpforms-field wpforms-field-text\" data-field-id=\"13\"><label class=\"wpforms-field-label wpforms-label-hide\" for=\"wpforms-790-field_13\">Nom de l&#039;organisme (si autre)<\/label><input type=\"text\" id=\"wpforms-790-field_13\" class=\"wpforms-field-medium\" name=\"wpforms[fields][13]\" ><div class=\"wpforms-field-description\">Nom de l\u2019organisme (si autre)<\/div><\/div><div id=\"wpforms-790-field_15-container\" class=\"wpforms-field wpforms-field-text\" data-field-id=\"15\"><label class=\"wpforms-field-label\" for=\"wpforms-790-field_15\">Fonction <span class=\"wpforms-required-label\">*<\/span><\/label><input type=\"text\" id=\"wpforms-790-field_15\" class=\"wpforms-field-medium wpforms-field-required\" name=\"wpforms[fields][15]\" required><div class=\"wpforms-field-description\">Fonction exerc\u00e9e (\u00e9lu, direction, secr\u00e9taire de mairie, agent\u2026)<\/div><\/div><div id=\"wpforms-790-field_12-container\" class=\"wpforms-field wpforms-field-textarea\" data-field-id=\"12\"><label class=\"wpforms-field-label\" for=\"wpforms-790-field_12\">Message <span class=\"wpforms-required-label\">*<\/span><\/label><textarea id=\"wpforms-790-field_12\" class=\"wpforms-field-medium wpforms-field-required\" name=\"wpforms[fields][12]\" required><\/textarea><div class=\"wpforms-field-description\">Pr\u00e9ciser vos besoins (acc\u00e8s aux applications, au cadastre, formation, support\u2026)<\/div><\/div><\/div><!-- .wpforms-field-container --><div class=\"wpforms-recaptcha-container wpforms-is-recaptcha wpforms-is-recaptcha-type-v2\" ><div class=\"g-recaptcha\" data-sitekey=\"6LeVMacoAAAAAN9m-BTRCWb-7oStG54F1476dHIw\"><\/div><input type=\"text\" name=\"g-recaptcha-hidden\" class=\"wpforms-recaptcha-hidden\" style=\"position:absolute!important;clip:rect(0,0,0,0)!important;height:1px!important;width:1px!important;border:0!important;overflow:hidden!important;padding:0!important;margin:0!important;\" data-rule-recaptcha=\"1\"><\/div><div class=\"wpforms-submit-container\" ><input type=\"hidden\" name=\"wpforms[id]\" value=\"790\"><input type=\"hidden\" name=\"page_title\" value=\"\"><input type=\"hidden\" name=\"page_url\" value=\"https:\/\/geo.compiegnois.fr\/portail\/index.php\/wp-json\/wp\/v2\/pages\/791\"><input type=\"hidden\" name=\"url_referer\" value=\"\"><button type=\"submit\" name=\"wpforms[submit]\" id=\"wpforms-submit-790\" class=\"wpforms-submit\" aria-live=\"assertive\" value=\"wpforms-submit\">Envoyer<\/button><\/div><\/form><\/div>  <!-- .wpforms-container -->\n\n\n\n<p><\/p>\n","protected":false},"excerpt":{"rendered":"<p>Vous \u00eates un \u00e9lu, un agent ou un prestataire d\u2019une collectivit\u00e9 territoriale du compi\u00e9gnois et vous souhaitez b\u00e9n\u00e9ficier de services r\u00e9serv\u00e9s aux professionnels ? Dans le cadre du partenariat G\u00e9oCompi\u00e9gnois,&#8230;<\/p>\n","protected":false},"author":2,"featured_media":0,"parent":0,"menu_order":0,"comment_status":"closed","ping_status":"closed","template":"","meta":{"footnotes":""},"class_list":["post-791","page","type-page","status-publish","hentry"],"_links":{"self":[{"href":"https:\/\/geo.compiegnois.fr\/portail\/index.php\/wp-json\/wp\/v2\/pages\/791","targetHints":{"allow":["GET"]}}],"collection":[{"href":"https:\/\/geo.compiegnois.fr\/portail\/index.php\/wp-json\/wp\/v2\/pages"}],"about":[{"href":"https:\/\/geo.compiegnois.fr\/portail\/index.php\/wp-json\/wp\/v2\/types\/page"}],"author":[{"embeddable":true,"href":"https:\/\/geo.compiegnois.fr\/portail\/index.php\/wp-json\/wp\/v2\/users\/2"}],"replies":[{"embeddable":true,"href":"https:\/\/geo.compiegnois.fr\/portail\/index.php\/wp-json\/wp\/v2\/comments?post=791"}],"version-history":[{"count":0,"href":"https:\/\/geo.compiegnois.fr\/portail\/index.php\/wp-json\/wp\/v2\/pages\/791\/revisions"}],"wp:attachment":[{"href":"https:\/\/geo.compiegnois.fr\/portail\/index.php\/wp-json\/wp\/v2\/media?parent=791"}],"curies":[{"name":"wp","href":"https:\/\/api.w.org\/{rel}","templated":true}]}}